{"id":18373,"date":"2024-01-07T22:41:57","date_gmt":"2024-01-07T21:41:57","guid":{"rendered":"https:\/\/ossamahamdi.com\/politique-de-confidentialite\/"},"modified":"2026-01-04T01:08:14","modified_gmt":"2026-01-04T00:08:14","slug":"politique-de-confidentialite","status":"publish","type":"page","link":"https:\/\/arabicaccelerator.com\/fr\/politique-de-confidentialite\/","title":{"rendered":"Politique de confidentialit\u00e9"},"content":{"rendered":"\t\t<div data-elementor-type=\"wp-page\" data-elementor-id=\"18373\" class=\"elementor elementor-18373\" data-elementor-post-type=\"page\">\n\t\t\t\t\t\t<section class=\"elementor-section elementor-top-section elementor-element elementor-element-0d09d06 elementor-section-height-min-height elementor-section-boxed elementor-section-height-default elementor-section-items-middle\" data-id=\"0d09d06\" data-element_type=\"section\" data-e-type=\"section\" data-settings=\"{&quot;background_background&quot;:&quot;classic&quot;,&quot;pix_scale_in&quot;:&quot;none&quot;}\">\n\t\t\t\t\t\t\t<div class=\"elementor-background-overlay\"><\/div>\n\t\t\t\t\t\t\t<div class=\"elementor-container elementor-column-gap-default\">\n\t\t\t\t\t<div class=\"elementor-column elementor-col-100 elementor-top-column elementor-element elementor-element-7fb115b\" data-id=\"7fb115b\" data-element_type=\"column\" data-e-type=\"column\" data-settings=\"{&quot;pix_scale_in&quot;:&quot;none&quot;}\">\n\t\t\t<div class=\"elementor-widget-wrap elementor-element-populated\">\n\t\t\t\t\t\t<section class=\"elementor-section elementor-inner-section elementor-element elementor-element-33bb768 elementor-section-boxed elementor-section-height-default elementor-section-height-default\" data-id=\"33bb768\" data-element_type=\"section\" data-e-type=\"section\" data-settings=\"{&quot;pix_scale_in&quot;:&quot;none&quot;}\">\n\t\t\t\t\t\t<div class=\"elementor-container elementor-column-gap-default\">\n\t\t\t\t\t<div class=\"elementor-column elementor-col-100 elementor-inner-column elementor-element elementor-element-6e84513\" data-id=\"6e84513\" data-element_type=\"column\" data-e-type=\"column\" data-settings=\"{&quot;pix_scale_in&quot;:&quot;none&quot;}\">\n\t\t\t<div class=\"elementor-widget-wrap elementor-element-populated\">\n\t\t\t\t\t\t<div class=\"elementor-element elementor-element-871f95c elementor-widget elementor-widget-heading\" data-id=\"871f95c\" data-element_type=\"widget\" data-e-type=\"widget\" data-widget_type=\"heading.default\">\n\t\t\t\t<div class=\"elementor-widget-container\">\n\t\t\t\t\t<h1 class=\"elementor-heading-title elementor-size-default\">Politique de confidentialit\u00e9<\/h1>\t\t\t\t<\/div>\n\t\t\t\t<\/div>\n\t\t\t\t\t<\/div>\n\t\t<\/div>\n\t\t\t\t\t<\/div>\n\t\t<\/section>\n\t\t\t\t\t<\/div>\n\t\t<\/div>\n\t\t\t\t\t<\/div>\n\t\t<\/section>\n\t\t\t\t<section class=\"elementor-section elementor-top-section elementor-element elementor-element-6c43cda5 elementor-section-boxed elementor-section-height-default elementor-section-height-default\" data-id=\"6c43cda5\" data-element_type=\"section\" data-e-type=\"section\" data-settings=\"{&quot;background_background&quot;:&quot;classic&quot;,&quot;pix_scale_in&quot;:&quot;none&quot;}\">\n\t\t\t\t\t\t<div class=\"elementor-container elementor-column-gap-default\">\n\t\t\t\t\t<div class=\"elementor-column elementor-col-100 elementor-top-column elementor-element elementor-element-497b24ce\" data-id=\"497b24ce\" data-element_type=\"column\" data-e-type=\"column\" data-settings=\"{&quot;pix_scale_in&quot;:&quot;none&quot;}\">\n\t\t\t<div class=\"elementor-widget-wrap elementor-element-populated\">\n\t\t\t\t\t\t<div class=\"elementor-element elementor-element-52609c00 elementor-widget elementor-widget-text-editor\" data-id=\"52609c00\" data-element_type=\"widget\" data-e-type=\"widget\" data-widget_type=\"text-editor.default\">\n\t\t\t\t<div class=\"elementor-widget-container\">\n\t\t\t\t\t\t\t\t\t<ol style=\"padding-left: 20px;\"><li>D\u00e9claration de confidentialit\u00e9<\/li><li>Informations personnelles identifiables<\/li><li>Droit d&rsquo;acc\u00e8s<\/li><li>Donn\u00e9es partag\u00e9es<\/li><li>Liens vers d&rsquo;autres sites web<\/li><li>Contact<\/li><\/ol><p><strong>Derni\u00e8re mise \u00e0 jour<\/strong> : mai 2025<\/p><p class=\"p3\"><b>1. D\u00e9claration de confidentialit\u00e9<\/b><\/p><p class=\"p3\">Arabic Accelerator, exploit\u00e9 par Osama Hamdi (\u00ab nous \u00bb, \u00ab notre \u00bb ou \u00ab la Soci\u00e9t\u00e9 \u00bb), reconna\u00eet l&rsquo;importance de la protection de vos donn\u00e9es personnelles. Nous nous engageons \u00e0 respecter votre vie priv\u00e9e et \u00e0 respecter la r\u00e9glementation applicable en mati\u00e8re de collecte, de stockage et d&rsquo;utilisation des donn\u00e9es personnelles.<\/p><p class=\"p3\"><b>2. Informations personnelles identifiables<\/b><\/p><p class=\"p4\">Les informations personnelles, telles que les noms, les adresses et les adresses \u00e9lectroniques, ne sont collect\u00e9es que lorsqu&rsquo;elles nous sont communiqu\u00e9es volontairement. Vous serez toujours inform\u00e9 de l&rsquo;usage que nous ferons de ces informations. La plupart des services ne n\u00e9cessitent aucune forme d&rsquo;enregistrement. Vous pouvez donc visiter notre site sans nous dire qui vous \u00eates. Toutefois, l&rsquo;enregistrement peut \u00eatre exig\u00e9 pour un certain nombre de services. Lorsque vous vous inscrivez sur notre site, il se peut que vous deviez remplir certains champs (dont certains sont obligatoires et d&rsquo;autres facultatifs).<\/p><p class=\"p3\"><b>3. Droit d&rsquo;acc\u00e8s<\/b><\/p><p class=\"p4\">Vous avez le droit d&rsquo;acc\u00e9der \u00e0 vos donn\u00e9es personnelles, de les corriger ou de les faire supprimer \u00e0 votre demande en envoyant un courrier \u00e9lectronique. Nous nous effor\u00e7ons de veiller \u00e0 ce que les donn\u00e9es personnelles soient \u00e0 jour, exactes et compl\u00e8tes.<\/p><p class=\"p3\"><b>4. Donn\u00e9es partag\u00e9es<\/b><\/p><p data-start=\"304\" data-end=\"592\">Notre site web peut utiliser des cookies et des technologies similaires pour am\u00e9liorer votre exp\u00e9rience de navigation, comprendre comment le site est utilis\u00e9 et optimiser ses performances. Ces petits fichiers sont stock\u00e9s sur votre appareil et nous aident \u00e0 analyser le trafic, \u00e0 m\u00e9moriser les pr\u00e9f\u00e9rences des utilisateurs et \u00e0 vous offrir une exp\u00e9rience plus fluide.<\/p><p data-start=\"599\" data-end=\"836\">Nous pouvons \u00e9galement utiliser des plateformes tierces de confiance pour h\u00e9berger du contenu, traiter les paiements, g\u00e9rer les communications et assurer le support technique. Ces services peuvent collecter ou stocker des donn\u00e9es conform\u00e9ment aux lois et r\u00e9glementations applicables en mati\u00e8re de confidentialit\u00e9.<\/p><p class=\"p3\"><b>5. Liens vers d&rsquo;autres sites web<\/b><\/p><p class=\"p4\">Notre site web contient des liens vers d&rsquo;autres sites. Nous d\u00e9clinons toute responsabilit\u00e9 quant au contenu des sites web autres que ceux d&rsquo;Arabic Accelerator.<\/p><p class=\"p3\"><b>6. Contact<\/b><\/p><p class=\"p4\">Contactez Arabic Accelerator pour toute question ou commentaire que vous pourriez avoir \u00e0 :<\/p><p>Dr\u00e8ve du parc 15,<br \/>1000 Bruxelles<br \/>Belgique<\/p><p>Num\u00e9ro d&rsquo;entreprise : 0798.534.979<br \/>Num\u00e9ro TVA : BE0798.534.979<br \/>Site : <a href=\"https:\/\/arabicaccelerator.com\/\"><span class=\"s3\">www.arabicaccelerator.com<\/span><\/a><br \/>Email : <a href=\"mailto:help@arabicaccelerator.com\"><span class=\"s3\">help@arabicaccelerator.com<\/span><\/a> <br \/>Num\u00e9ro t\u00e9l\u00e9phonique : + 32 471 80 12 15<\/p>\t\t\t\t\t\t\t\t<\/div>\n\t\t\t\t<\/div>\n\t\t\t\t\t<\/div>\n\t\t<\/div>\n\t\t\t\t\t<\/div>\n\t\t<\/section>\n\t\t\t\t<\/div>\n\t\t","protected":false},"excerpt":{"rendered":"<p>Politique de confidentialit\u00e9 D\u00e9claration de confidentialit\u00e9 Informations personnelles identifiables Droit d&rsquo;acc\u00e8s Donn\u00e9es partag\u00e9es Liens vers d&rsquo;autres sites web Contact Derni\u00e8re mise \u00e0 jour : mai 2025 1. D\u00e9claration de confidentialit\u00e9 Arabic Accelerator, exploit\u00e9 par Osama Hamdi (\u00ab nous \u00bb, \u00ab&#8230;<\/p>\n","protected":false},"author":1,"featured_media":0,"parent":0,"menu_order":0,"comment_status":"closed","ping_status":"closed","template":"elementor_header_footer","meta":{"_joinchat":[],"footnotes":""},"class_list":["post-18373","page","type-page","status-publish","hentry"],"_links":{"self":[{"href":"https:\/\/arabicaccelerator.com\/fr\/wp-json\/wp\/v2\/pages\/18373","targetHints":{"allow":["GET"]}}],"collection":[{"href":"https:\/\/arabicaccelerator.com\/fr\/wp-json\/wp\/v2\/pages"}],"about":[{"href":"https:\/\/arabicaccelerator.com\/fr\/wp-json\/wp\/v2\/types\/page"}],"author":[{"embeddable":true,"href":"https:\/\/arabicaccelerator.com\/fr\/wp-json\/wp\/v2\/users\/1"}],"replies":[{"embeddable":true,"href":"https:\/\/arabicaccelerator.com\/fr\/wp-json\/wp\/v2\/comments?post=18373"}],"version-history":[{"count":13,"href":"https:\/\/arabicaccelerator.com\/fr\/wp-json\/wp\/v2\/pages\/18373\/revisions"}],"predecessor-version":[{"id":30685,"href":"https:\/\/arabicaccelerator.com\/fr\/wp-json\/wp\/v2\/pages\/18373\/revisions\/30685"}],"wp:attachment":[{"href":"https:\/\/arabicaccelerator.com\/fr\/wp-json\/wp\/v2\/media?parent=18373"}],"curies":[{"name":"wp","href":"https:\/\/api.w.org\/{rel}","templated":true}]}}