{"id":18378,"date":"2024-03-02T22:57:09","date_gmt":"2024-03-02T21:57:09","guid":{"rendered":"https:\/\/ossamahamdi.com\/conditions-dutilisation\/"},"modified":"2026-01-04T01:08:41","modified_gmt":"2026-01-04T00:08:41","slug":"conditions-generales","status":"publish","type":"page","link":"https:\/\/arabicaccelerator.com\/fr\/conditions-generales\/","title":{"rendered":"Conditions g\u00e9n\u00e9rales"},"content":{"rendered":"\t\t<div data-elementor-type=\"wp-page\" data-elementor-id=\"18378\" class=\"elementor elementor-18378\" data-elementor-post-type=\"page\">\n\t\t\t\t\t\t<section class=\"elementor-section elementor-top-section elementor-element elementor-element-67879df elementor-section-height-min-height elementor-section-boxed elementor-section-height-default elementor-section-items-middle\" data-id=\"67879df\" data-element_type=\"section\" data-e-type=\"section\" data-settings=\"{&quot;background_background&quot;:&quot;classic&quot;,&quot;pix_scale_in&quot;:&quot;none&quot;}\">\n\t\t\t\t\t\t\t<div class=\"elementor-background-overlay\"><\/div>\n\t\t\t\t\t\t\t<div class=\"elementor-container elementor-column-gap-default\">\n\t\t\t\t\t<div class=\"elementor-column elementor-col-100 elementor-top-column elementor-element elementor-element-776f063\" data-id=\"776f063\" data-element_type=\"column\" data-e-type=\"column\" data-settings=\"{&quot;pix_scale_in&quot;:&quot;none&quot;}\">\n\t\t\t<div class=\"elementor-widget-wrap elementor-element-populated\">\n\t\t\t\t\t\t<section class=\"elementor-section elementor-inner-section elementor-element elementor-element-08d8d03 elementor-section-boxed elementor-section-height-default elementor-section-height-default\" data-id=\"08d8d03\" data-element_type=\"section\" data-e-type=\"section\" data-settings=\"{&quot;pix_scale_in&quot;:&quot;none&quot;}\">\n\t\t\t\t\t\t<div class=\"elementor-container elementor-column-gap-default\">\n\t\t\t\t\t<div class=\"elementor-column elementor-col-100 elementor-inner-column elementor-element elementor-element-b0549d9\" data-id=\"b0549d9\" data-element_type=\"column\" data-e-type=\"column\" data-settings=\"{&quot;pix_scale_in&quot;:&quot;none&quot;}\">\n\t\t\t<div class=\"elementor-widget-wrap elementor-element-populated\">\n\t\t\t\t\t\t<div class=\"elementor-element elementor-element-dccb84c elementor-widget elementor-widget-heading\" data-id=\"dccb84c\" data-element_type=\"widget\" data-e-type=\"widget\" data-widget_type=\"heading.default\">\n\t\t\t\t<div class=\"elementor-widget-container\">\n\t\t\t\t\t<h1 class=\"elementor-heading-title elementor-size-default\">Conditions d'utilisation<\/h1>\t\t\t\t<\/div>\n\t\t\t\t<\/div>\n\t\t\t\t\t<\/div>\n\t\t<\/div>\n\t\t\t\t\t<\/div>\n\t\t<\/section>\n\t\t\t\t\t<\/div>\n\t\t<\/div>\n\t\t\t\t\t<\/div>\n\t\t<\/section>\n\t\t\t\t<section class=\"elementor-section elementor-top-section elementor-element elementor-element-366ab1e4 elementor-section-boxed elementor-section-height-default elementor-section-height-default\" data-id=\"366ab1e4\" data-element_type=\"section\" data-e-type=\"section\" data-settings=\"{&quot;background_background&quot;:&quot;classic&quot;,&quot;pix_scale_in&quot;:&quot;none&quot;}\">\n\t\t\t\t\t\t<div class=\"elementor-container elementor-column-gap-default\">\n\t\t\t\t\t<div class=\"elementor-column elementor-col-100 elementor-top-column elementor-element elementor-element-a8d556b\" data-id=\"a8d556b\" data-element_type=\"column\" data-e-type=\"column\" data-settings=\"{&quot;pix_scale_in&quot;:&quot;none&quot;}\">\n\t\t\t<div class=\"elementor-widget-wrap elementor-element-populated\">\n\t\t\t\t\t\t<div class=\"elementor-element elementor-element-418f30f2 elementor-widget elementor-widget-text-editor\" data-id=\"418f30f2\" data-element_type=\"widget\" data-e-type=\"widget\" data-widget_type=\"text-editor.default\">\n\t\t\t\t<div class=\"elementor-widget-container\">\n\t\t\t\t\t\t\t\t\t<ol><li>Interpr\u00e9tation et d\u00e9finitions<\/li><li>Remerciements<\/li><li>Liens vers d&rsquo;autres sites web<\/li><li>Cessation d&rsquo;activit\u00e9<\/li><li>Limitation de la responsabilit\u00e9<\/li><li>\u00ab\u00a0EN L&rsquo;\u00c9TAT\u00a0\u00bb et \u00ab\u00a0SELON DISPONIBILIT\u00c9\u00a0\u00bb<\/li><li>Droit applicable<\/li><li>R\u00e9solution des litiges<\/li><li>Pour les utilisateurs de l&rsquo;Union europ\u00e9enne (UE)<\/li><li>\u00c9tats-Unis Conformit\u00e9 juridique<\/li><li>Divisibilit\u00e9 et renonciation<\/li><li>Usage du savoir fourni et clause de non-responsabilit\u00e9 des affili\u00e9s<\/li><li>L\u00e9gitimit\u00e9 Religieuse<\/li><li>Traductions<\/li><li>Contact<\/li><\/ol><p><strong>1. Interpr\u00e9tation et D\u00e9finitions<\/strong><\/p><p><strong>Interpr\u00e9tation<\/strong><\/p><p>Les mots commen\u00e7ant par une majuscule ont des significations sp\u00e9cifiques, d\u00e9finies ci-dessous. Ces d\u00e9finitions s&rsquo;appliquent ind\u00e9pendamment du singulier ou du pluriel.<\/p><p><strong>D\u00e9finitions<\/strong><\/p><p>Aux fins des pr\u00e9sentes conditions g\u00e9n\u00e9rales :<\/p><ul><li><strong>Affili\u00e9<\/strong>: une entit\u00e9 qui contr\u00f4le, est contr\u00f4l\u00e9e par ou est sous contr\u00f4le commun avec une partie, le terme \u00ab\u00a0contr\u00f4le\u00a0\u00bb d\u00e9signant la propri\u00e9t\u00e9 de 50 % ou plus des actions, participations ou autres titres donnant droit \u00e0 un vote pour l&rsquo;\u00e9lection des administrateurs ou d&rsquo;autres responsables de la gestion.<\/li><li>Le <strong>pays <\/strong>se r\u00e9f\u00e8re \u00e0 : Belgique<\/li><li><strong>Soci\u00e9t\u00e9 <\/strong>: d\u00e9signe Arabic Accelerator, exploit\u00e9 par Osama Hamdi, appel\u00e9 \u00e9galement \u00ab\u00a0la Soci\u00e9t\u00e9\u00a0\u00bb, \u00ab\u00a0Nous\u00a0\u00bb, ou \u00ab\u00a0Notre\u00a0\u00bb.<\/li><li><strong>Appareil <\/strong>: tout appareil pouvant acc\u00e9der au service (ordinateur, smartphone, tablette).<\/li><li>Le <strong>service<\/strong> fait r\u00e9f\u00e9rence au site web.<\/li><li><strong>Conditions g\u00e9n\u00e9rales<\/strong> : ce document constitue l\u2019accord complet entre Vous et la Soci\u00e9t\u00e9.<\/li><li><strong>Un service de m\u00e9dias sociaux tiers<\/strong> d\u00e9signe toute plateforme ou tout contenu (donn\u00e9es, informations, produits ou services) fourni par un tiers, et susceptible d\u2019\u00eatre affich\u00e9, int\u00e9gr\u00e9 ou rendu accessible via le Service.<\/li><li><strong>Site web <\/strong>d\u00e9signe Arabic Accelerator, accessible \u00e0 l\u2019adresse <a href=\"https:\/\/www.arabicaccelerator.com\">www.arabicaccelerator.com<\/a>.<\/li><\/ul><p><strong>Vous <\/strong>: utilisateur individuel ou entit\u00e9 utilisant le Service.<\/p><p><strong>2. Reconnaissance<\/strong><\/p><p>Les pr\u00e9sentes conditions g\u00e9n\u00e9rales r\u00e9gissent l&rsquo;utilisation de ce Service et constituent l&rsquo;accord entre Vous et la Soci\u00e9t\u00e9.<\/p><p>Votre acc\u00e8s au Service et son utilisation sont conditionn\u00e9s par votre acceptation et votre respect des pr\u00e9sentes Conditions G\u00e9n\u00e9rales, ainsi que de notre Politique de Confidentialit\u00e9. Si vous \u00eates en d\u00e9saccord avec une quelconque partie de ces Conditions, vous ne devez pas utiliser le Service.<\/p><p>Vous affirmez avoir plus de 18 ans. Le Service n&rsquo;est pas autoris\u00e9 aux mineurs.<\/p><p><strong>3. Liens vers d&rsquo;autres sites web<\/strong><\/p><p>Le Service peut contenir des liens vers des sites tiers qui ne sont pas contr\u00f4l\u00e9s par la Soci\u00e9t\u00e9.<\/p><p>Nous n\u2019avons aucun contr\u00f4le sur le contenu, les politiques de confidentialit\u00e9 ou les pratiques des sites web ou services tiers, et d\u00e9clinons toute responsabilit\u00e9 \u00e0 cet \u00e9gard. Vous reconnaissez et acceptez que la Soci\u00e9t\u00e9 ne pourra \u00eatre tenue responsable d\u2019aucune perte ou dommage r\u00e9sultant de votre confiance accord\u00e9e \u00e0 ces contenus ou services.<\/p><p>Nous Vous conseillons de consulter les conditions et politiques des sites que vous visitez.<\/p><p><strong>4. R\u00e9siliation<\/strong><\/p><p>Nous pouvons mettre fin ou suspendre imm\u00e9diatement votre acc\u00e8s au Service, sans pr\u00e9avis ni responsabilit\u00e9, pour tout motif, notamment en cas de violation des pr\u00e9sentes conditions.<\/p><p>En cas de r\u00e9siliation, votre droit d&rsquo;utiliser le service cessera imm\u00e9diatement.<\/p><p><strong>5. Limitation de responsabilit\u00e9<\/strong><\/p><p>Dans les limites autoris\u00e9es par la loi, Arabic Accelerator et ses fournisseurs ne seront pas responsables des dommages indirects (pertes de donn\u00e9es, pertes de profit, etc.).<\/p><p>La responsabilit\u00e9 maximale de la Soci\u00e9t\u00e9 est limit\u00e9e au montant que vous avez pay\u00e9, ou \u00e0 100 USD si aucun achat n\u2019a \u00e9t\u00e9 effectu\u00e9.<\/p><p><strong>6. Clause de non-responsabilit\u00e9 \u00ab\u00a0EN L&rsquo;\u00c9TAT\u00a0\u00bb et \u00ab\u00a0SELON DISPONIBILIT\u00c9\u00a0\u00bb<\/strong><\/p><p>Le Service est fourni \u00ab EN L&rsquo;\u00c9TAT \u00bb et \u00ab TEL QUE DISPONIBLE \u00bb sans aucune garantie, expresse ou implicite. La Soci\u00e9t\u00e9 d\u00e9cline toute garantie, expresse ou implicite, y compris, mais sans s&rsquo;y limiter, de qualit\u00e9 marchande, d&rsquo;ad\u00e9quation \u00e0 un usage particulier et de non-contrefa\u00e7on.<\/p><p>Nous ne garantissons pas que le Service fonctionnera de mani\u00e8re ininterrompue, sans erreur ni composant nuisible. Vous utilisez le Service \u00e0 vos propres risques.<\/p><p><strong>7. Loi applicable<\/strong><\/p><p>Les pr\u00e9sentes Conditions sont r\u00e9gies par le droit belge, sans \u00e9gard aux principes de conflit de lois. Votre utilisation du site web peut \u00e9galement \u00eatre soumise \u00e0 d&rsquo;autres lois nationales ou internationales selon votre situation g\u00e9ographique.<\/p><p><strong>8. <\/strong><strong>R\u00e9solution des litiges<\/strong><\/p><p>If You have any concern or dispute about the Service, You agree to first attempt to resolve it informally by contacting Us at <a href=\"mailto:support@arabicaccelerator.com\">support@arabicaccelerator.com<\/a><\/p><p><strong>9. Pour les utilisateurs de l&rsquo;UE<\/strong><\/p><p>En tant que consommateur r\u00e9sidant dans l&rsquo;UE, vous b\u00e9n\u00e9ficiez des dispositions obligatoires du droit de votre pays de r\u00e9sidence.<\/p><p><strong>10. Conformit\u00e9 \u00e0 la l\u00e9gislation am\u00e9ricaine<\/strong><\/p><p>Vous d\u00e9clarez et garantissez que Vous n&rsquo;\u00eates pas situ\u00e9 dans un pays soumis \u00e0 un embargo du gouvernement am\u00e9ricain ou d\u00e9sign\u00e9 comme un pays \u00ab soutenant le terrorisme \u00bb, et que Vous ne figurez sur aucune liste de parties interdites ou restreintes du gouvernement am\u00e9ricain.<\/p><p><strong>11. Divisibilit\u00e9 et renonciation<\/strong><\/p><p><strong>Divisibilit\u00e9 <\/strong>: si une clause est jug\u00e9e inapplicable, elle sera adapt\u00e9e pour en respecter l\u2019esprit, sans affecter les autres clauses.<\/p><p><strong>Renonciation<\/strong> : Le fait de ne pas faire valoir un droit ou une disposition en vertu des pr\u00e9sentes Conditions ne constituera pas une renonciation \u00e0 ce droit.<\/p><p><strong>12. Utilisation du savoir fourni et clause de non-responsabilit\u00e9 des affili\u00e9s<\/strong><\/p><p>Arabic Accelerator est une plateforme \u00e9ducative d\u00e9di\u00e9e exclusivement \u00e0 l&rsquo;enseignement de l&rsquo;arabe coranique d&rsquo;un point de vue linguistique. Bien que le programme puisse faire r\u00e9f\u00e9rence \u00e0 des versets coraniques pour plus de clart\u00e9 p\u00e9dagogique, il <strong>ne fournit ni r\u00e8gles religieuses, ni interpr\u00e9tations, ni enseignements th\u00e9ologiques<\/strong>. L&rsquo;ensemble du contenu est strictement p\u00e9dagogique et ax\u00e9 sur la grammaire, le vocabulaire et la structure de la langue.<\/p><p>En utilisant ce Service, vous acceptez et reconnaissez qu&rsquo;Arabic Accelerator et son \u00e9quipe <strong>d\u00e9clinent toute responsabilit\u00e9 quant \u00e0 la mani\u00e8re dont les individus utilisent, interpr\u00e8tent ou appliquent<\/strong> les connaissances linguistiques acquises. Toute utilisation personnelle, id\u00e9ologique, politique ou religieuse, que ce soit dans le discours, l&rsquo;\u00e9crit, le discours public ou le comportement, rel\u00e8ve de l&rsquo;enti\u00e8re <strong>responsabilit\u00e9 de chaque individu<\/strong>.<\/p><p>De plus, Arabic Accelerator peut collaborer avec des affili\u00e9s qui promeuvent le programme aupr\u00e8s de leurs propres audiences. Bien que nous s\u00e9lectionnions nos affili\u00e9s avec soin afin qu\u2019ils soient en ad\u00e9quation avec nos valeurs de marque, nous ne sommes <strong>en aucun cas responsables de leurs opinions personnelles, contenus, interpr\u00e9tations ou d\u00e9clarations publiques. <\/strong>Arabic Accelerator ne cautionne, ne v\u00e9rifie, ni n\u2019endosse les points de vue exprim\u00e9s en dehors du contenu p\u00e9dagogique officiel et des canaux de communication officiels.<\/p><p>Cette clause de non-responsabilit\u00e9 s&rsquo;applique <strong>universellement<\/strong> \u00e0 tous les utilisateurs, quels que soient leur localisation, leur langue et leur juridiction. Toute fausse d\u00e9claration ou utilisation abusive du contenu, que ce soit par des \u00e9tudiants, des affili\u00e9s ou des tiers, rel\u00e8ve de leur seule responsabilit\u00e9.<\/p><p><strong>13. L\u00e9gitimit\u00e9 religieuse<\/strong><\/p><p>Arabic Accelerator propose des services \u00e9ducatifs exclusivement ax\u00e9s sur l&rsquo;apprentissage de l&rsquo;arabe coranique. <strong>Nous ne fournissons pas<\/strong> de d\u00e9cisions religieuses (fatwas), de tafsir (ex\u00e9g\u00e8se) ni d&rsquo;avis juridiques islamiques. Toute r\u00e9f\u00e9rence aux versets du Coran dans le programme est uniquement destin\u00e9e \u00e0 des fins p\u00e9dagogiques et linguistiques uniquement.<\/p><p><strong>14. Traduction<\/strong><\/p><p>Si les pr\u00e9sentes Conditions ont \u00e9t\u00e9 traduites dans d\u2019autres langues, la version originale anglaise pr\u00e9vaudra en cas de litige.<\/p><p><strong>15. Modifications des pr\u00e9sentes conditions g\u00e9n\u00e9rales<\/strong><\/p><p>Nous nous r\u00e9servons le droit de modifier ou de remplacer les pr\u00e9sentes Conditions \u00e0 tout moment. En cas de modification importante, nous mettrons tout en \u0153uvre pour vous en informer au moins 30 jours avant son entr\u00e9e en vigueur.<\/p><p>En continuant \u00e0 utiliser le Service apr\u00e8s ces mises \u00e0 jour, Vous acceptez d&rsquo;\u00eatre li\u00e9 par les Conditions r\u00e9vis\u00e9es.<\/p><p><strong>16. Contact<\/strong><\/p><p>Si vous avez des questions sur ces conditions g\u00e9n\u00e9rales, veuillez nous contacter :<\/p><p><strong>Arabic Accelerator<\/strong><br \/>Dr\u00e8ve du parc 15,<br \/>1000 Brussels,<br \/>Belgium<br \/>Email: help@arabicaccelerator.com<\/p>\t\t\t\t\t\t\t\t<\/div>\n\t\t\t\t<\/div>\n\t\t\t\t\t<\/div>\n\t\t<\/div>\n\t\t\t\t\t<\/div>\n\t\t<\/section>\n\t\t\t\t<\/div>\n\t\t","protected":false},"excerpt":{"rendered":"<p>Conditions d&rsquo;utilisation Interpr\u00e9tation et d\u00e9finitions Remerciements Liens vers d&rsquo;autres sites web Cessation d&rsquo;activit\u00e9 Limitation de la responsabilit\u00e9 \u00ab\u00a0EN L&rsquo;\u00c9TAT\u00a0\u00bb et \u00ab\u00a0SELON DISPONIBILIT\u00c9\u00a0\u00bb Droit applicable R\u00e9solution des litiges Pour les utilisateurs de l&rsquo;Union europ\u00e9enne (UE) \u00c9tats-Unis Conformit\u00e9 juridique Divisibilit\u00e9 et renonciation&#8230;<\/p>\n","protected":false},"author":1,"featured_media":0,"parent":0,"menu_order":0,"comment_status":"closed","ping_status":"closed","template":"elementor_header_footer","meta":{"_joinchat":[],"footnotes":""},"class_list":["post-18378","page","type-page","status-publish","hentry"],"_links":{"self":[{"href":"https:\/\/arabicaccelerator.com\/fr\/wp-json\/wp\/v2\/pages\/18378","targetHints":{"allow":["GET"]}}],"collection":[{"href":"https:\/\/arabicaccelerator.com\/fr\/wp-json\/wp\/v2\/pages"}],"about":[{"href":"https:\/\/arabicaccelerator.com\/fr\/wp-json\/wp\/v2\/types\/page"}],"author":[{"embeddable":true,"href":"https:\/\/arabicaccelerator.com\/fr\/wp-json\/wp\/v2\/users\/1"}],"replies":[{"embeddable":true,"href":"https:\/\/arabicaccelerator.com\/fr\/wp-json\/wp\/v2\/comments?post=18378"}],"version-history":[{"count":7,"href":"https:\/\/arabicaccelerator.com\/fr\/wp-json\/wp\/v2\/pages\/18378\/revisions"}],"predecessor-version":[{"id":30691,"href":"https:\/\/arabicaccelerator.com\/fr\/wp-json\/wp\/v2\/pages\/18378\/revisions\/30691"}],"wp:attachment":[{"href":"https:\/\/arabicaccelerator.com\/fr\/wp-json\/wp\/v2\/media?parent=18378"}],"curies":[{"name":"wp","href":"https:\/\/api.w.org\/{rel}","templated":true}]}}