{"id":18381,"date":"2025-03-05T08:48:48","date_gmt":"2025-03-05T07:48:48","guid":{"rendered":"https:\/\/ossamahamdi.com\/politique-de-remboursement\/"},"modified":"2026-01-04T01:09:31","modified_gmt":"2026-01-04T00:09:31","slug":"politique-de-remboursement","status":"publish","type":"page","link":"https:\/\/arabicaccelerator.com\/fr\/politique-de-remboursement\/","title":{"rendered":"Politique de remboursement"},"content":{"rendered":"\t\t<div data-elementor-type=\"wp-page\" data-elementor-id=\"18381\" class=\"elementor elementor-18381\" data-elementor-post-type=\"page\">\n\t\t\t\t\t\t<section class=\"elementor-section elementor-top-section elementor-element elementor-element-0e440dd elementor-section-height-min-height elementor-section-boxed elementor-section-height-default elementor-section-items-middle\" data-id=\"0e440dd\" data-element_type=\"section\" data-e-type=\"section\" data-settings=\"{&quot;background_background&quot;:&quot;classic&quot;,&quot;pix_scale_in&quot;:&quot;none&quot;}\">\n\t\t\t\t\t\t\t<div class=\"elementor-background-overlay\"><\/div>\n\t\t\t\t\t\t\t<div class=\"elementor-container elementor-column-gap-default\">\n\t\t\t\t\t<div class=\"elementor-column elementor-col-100 elementor-top-column elementor-element elementor-element-198a762\" data-id=\"198a762\" data-element_type=\"column\" data-e-type=\"column\" data-settings=\"{&quot;pix_scale_in&quot;:&quot;none&quot;}\">\n\t\t\t<div class=\"elementor-widget-wrap elementor-element-populated\">\n\t\t\t\t\t\t<section class=\"elementor-section elementor-inner-section elementor-element elementor-element-38a65a5 elementor-section-boxed elementor-section-height-default elementor-section-height-default\" data-id=\"38a65a5\" data-element_type=\"section\" data-e-type=\"section\" data-settings=\"{&quot;pix_scale_in&quot;:&quot;none&quot;}\">\n\t\t\t\t\t\t<div class=\"elementor-container elementor-column-gap-default\">\n\t\t\t\t\t<div class=\"elementor-column elementor-col-100 elementor-inner-column elementor-element elementor-element-0100c44\" data-id=\"0100c44\" data-element_type=\"column\" data-e-type=\"column\" data-settings=\"{&quot;pix_scale_in&quot;:&quot;none&quot;}\">\n\t\t\t<div class=\"elementor-widget-wrap elementor-element-populated\">\n\t\t\t\t\t\t<div class=\"elementor-element elementor-element-db12bbc elementor-widget elementor-widget-heading\" data-id=\"db12bbc\" data-element_type=\"widget\" data-e-type=\"widget\" data-widget_type=\"heading.default\">\n\t\t\t\t<div class=\"elementor-widget-container\">\n\t\t\t\t\t<h1 class=\"elementor-heading-title elementor-size-default\">politique de remboursement<\/h1>\t\t\t\t<\/div>\n\t\t\t\t<\/div>\n\t\t\t\t\t<\/div>\n\t\t<\/div>\n\t\t\t\t\t<\/div>\n\t\t<\/section>\n\t\t\t\t\t<\/div>\n\t\t<\/div>\n\t\t\t\t\t<\/div>\n\t\t<\/section>\n\t\t\t\t<section class=\"elementor-section elementor-top-section elementor-element elementor-element-79e9722 elementor-section-boxed elementor-section-height-default elementor-section-height-default\" data-id=\"79e9722\" data-element_type=\"section\" data-e-type=\"section\" data-settings=\"{&quot;background_background&quot;:&quot;classic&quot;,&quot;pix_scale_in&quot;:&quot;none&quot;}\">\n\t\t\t\t\t\t<div class=\"elementor-container elementor-column-gap-default\">\n\t\t\t\t\t<div class=\"elementor-column elementor-col-100 elementor-top-column elementor-element elementor-element-0b61ad8\" data-id=\"0b61ad8\" data-element_type=\"column\" data-e-type=\"column\" data-settings=\"{&quot;pix_scale_in&quot;:&quot;none&quot;}\">\n\t\t\t<div class=\"elementor-widget-wrap elementor-element-populated\">\n\t\t\t\t\t\t<div class=\"elementor-element elementor-element-93152dc elementor-widget elementor-widget-text-editor\" data-id=\"93152dc\" data-element_type=\"widget\" data-e-type=\"widget\" data-widget_type=\"text-editor.default\">\n\t\t\t\t<div class=\"elementor-widget-container\">\n\t\t\t\t\t\t\t\t\t<p><strong>Politique de remboursement d&rsquo;Arabic Accelerator<\/strong><\/p><p>Nous sommes convaincus qu&rsquo;<strong>Arabic Accelerator <\/strong>vous aidera \u00e0 acqu\u00e9rir les fondamentaux de l\u2019arabe coranique, quel que soit votre niveau de d\u00e9part.<\/p><p>Cependant, si vous estimez que le programme ne vous convient pas, nous offrons une <strong>garantie de remboursement de 14 jours<\/strong> \u00e0 compter de la date d\u2019achat.<\/p><p><strong>Crit\u00e8res d&rsquo;\u00e9ligibilit\u00e9 au remboursement<\/strong><\/p><p>Pour b\u00e9n\u00e9ficier d&rsquo;un remboursement :<\/p><ul><li>La demande doit \u00eatre faite <strong>dans les 14 jours suivant l\u2019achat<\/strong> en nous contactant \u00e0 l\u2019adresse : support@arabicaccelerator.com.<\/li><li>Vous devez remplir notre formulaire de demande de remboursement.<\/li><li>Aucun litige ou \u00ab\u00a0chargeback\u00a0\u00bb ne doit avoir \u00e9t\u00e9 initi\u00e9 via votre prestataire de paiement.<\/li><li>Les remboursements ne seront pas accord\u00e9s aux clients ayant d\u00e9j\u00e0 obtenu un remboursement pour Arabic Accelerator.<\/li><li>Si vous avez pay\u00e9 en plusieurs fois, le d\u00e9lai de 14 jours commence \u00e0 la date de votre premier paiement.<\/li><\/ul><p>Cette politique vise \u00e0 offrir de la flexibilit\u00e9, mais les demandes r\u00e9p\u00e9t\u00e9es peuvent entra\u00eener une in\u00e9ligibilit\u00e9 aux futurs achats.<\/p><p><strong>Comment demander un remboursement<\/strong><\/p><p>Pour faire une demande de remboursement, veuillez nous \u00e9crire \u00e0 help@arabicaccelerator.com en pr\u00e9cisant vos informations de commande.<\/p><p>Nous examinerons votre requ\u00eate et traiterons les demandes \u00e9ligibles dans un d\u00e9lai de <strong>5 jours ouvrables<\/strong>.<\/p><p><strong>Contact<\/strong><\/p><p data-start=\"1428\" data-end=\"1555\">Pour toute question ou remarque, n\u2019h\u00e9sitez pas \u00e0 nous contacter \u00e0 l\u2019adresse help<a class=\"cursor-pointer\" rel=\"noopener\" data-start=\"1485\" data-end=\"1554\">@arabicaccelerator.com<\/a>.<\/p><p data-start=\"1428\" data-end=\"1555\">Nous r\u00e9pondons g\u00e9n\u00e9ralement sous <strong data-start=\"1582\" data-end=\"1594\">48 heures<\/strong>, bien que cela puisse parfois prendre plus de temps selon la nature de la demande.<\/p>\t\t\t\t\t\t\t\t<\/div>\n\t\t\t\t<\/div>\n\t\t\t\t\t<\/div>\n\t\t<\/div>\n\t\t\t\t\t<\/div>\n\t\t<\/section>\n\t\t\t\t<\/div>\n\t\t","protected":false},"excerpt":{"rendered":"<p>politique de remboursement Politique de remboursement d&rsquo;Arabic Accelerator Nous sommes convaincus qu&rsquo;Arabic Accelerator vous aidera \u00e0 acqu\u00e9rir les fondamentaux de l\u2019arabe coranique, quel que soit votre niveau de d\u00e9part. Cependant, si vous estimez que le programme ne vous convient pas,&#8230;<\/p>\n","protected":false},"author":1,"featured_media":0,"parent":0,"menu_order":0,"comment_status":"closed","ping_status":"closed","template":"elementor_header_footer","meta":{"_joinchat":[],"footnotes":""},"class_list":["post-18381","page","type-page","status-publish","hentry"],"_links":{"self":[{"href":"https:\/\/arabicaccelerator.com\/fr\/wp-json\/wp\/v2\/pages\/18381","targetHints":{"allow":["GET"]}}],"collection":[{"href":"https:\/\/arabicaccelerator.com\/fr\/wp-json\/wp\/v2\/pages"}],"about":[{"href":"https:\/\/arabicaccelerator.com\/fr\/wp-json\/wp\/v2\/types\/page"}],"author":[{"embeddable":true,"href":"https:\/\/arabicaccelerator.com\/fr\/wp-json\/wp\/v2\/users\/1"}],"replies":[{"embeddable":true,"href":"https:\/\/arabicaccelerator.com\/fr\/wp-json\/wp\/v2\/comments?post=18381"}],"version-history":[{"count":7,"href":"https:\/\/arabicaccelerator.com\/fr\/wp-json\/wp\/v2\/pages\/18381\/revisions"}],"predecessor-version":[{"id":30697,"href":"https:\/\/arabicaccelerator.com\/fr\/wp-json\/wp\/v2\/pages\/18381\/revisions\/30697"}],"wp:attachment":[{"href":"https:\/\/arabicaccelerator.com\/fr\/wp-json\/wp\/v2\/media?parent=18381"}],"curies":[{"name":"wp","href":"https:\/\/api.w.org\/{rel}","templated":true}]}}